{"id":3124,"date":"2018-03-24T16:52:17","date_gmt":"2018-03-24T16:52:17","guid":{"rendered":"https:\/\/fasewind.com\/excursiones\/"},"modified":"2023-05-22T11:08:18","modified_gmt":"2023-05-22T11:08:18","slug":"excursiones","status":"publish","type":"page","link":"https:\/\/fasewind.com\/es\/excursiones\/","title":{"rendered":"EXCURSIONES"},"content":{"rendered":"\t\t<div data-elementor-type=\"wp-post\" data-elementor-id=\"3124\" class=\"elementor elementor-3124 elementor-637\" data-elementor-post-type=\"page\">\n\t\t\t\t\t\t<section class=\"elementor-section elementor-top-section elementor-element elementor-element-0b9b815 elementor-section-full_width elementor-section-height-default elementor-section-height-default\" data-id=\"0b9b815\" data-element_type=\"section\" data-e-type=\"section\">\n\t\t\t\t\t\t<div class=\"elementor-container elementor-column-gap-default\">\n\t\t\t\t\t<div class=\"elementor-column elementor-col-100 elementor-top-column elementor-element elementor-element-1d9d867\" data-id=\"1d9d867\" data-element_type=\"column\" data-e-type=\"column\">\n\t\t\t<div class=\"elementor-widget-wrap elementor-element-populated\">\n\t\t\t\t\t\t<div class=\"elementor-element elementor-element-9899671 elementor-widget elementor-widget-image\" data-id=\"9899671\" data-element_type=\"widget\" data-e-type=\"widget\" data-widget_type=\"image.default\">\n\t\t\t\t<div class=\"elementor-widget-container\">\n\t\t\t\t\t\t\t\t\t\t\t\t\t\t\t<img decoding=\"async\" width=\"4000\" height=\"3000\" data-src=\"https:\/\/i0.wp.com\/fasewind.com\/wp-content\/uploads\/2019\/10\/P1260834.jpg?fit=4000%2C3000&amp;ssl=1\" class=\"attachment-full size-full wp-image-2607 lazyload\" alt=\"SUP excursion: down the river\" data-srcset=\"https:\/\/i0.wp.com\/fasewind.com\/wp-content\/uploads\/2019\/10\/P1260834.jpg?w=4000&amp;ssl=1 4000w, https:\/\/i0.wp.com\/fasewind.com\/wp-content\/uploads\/2019\/10\/P1260834.jpg?resize=300%2C225&amp;ssl=1 300w, https:\/\/i0.wp.com\/fasewind.com\/wp-content\/uploads\/2019\/10\/P1260834.jpg?resize=768%2C576&amp;ssl=1 768w, https:\/\/i0.wp.com\/fasewind.com\/wp-content\/uploads\/2019\/10\/P1260834.jpg?resize=1024%2C768&amp;ssl=1 1024w, https:\/\/i0.wp.com\/fasewind.com\/wp-content\/uploads\/2019\/10\/P1260834.jpg?resize=600%2C450&amp;ssl=1 600w, https:\/\/i0.wp.com\/fasewind.com\/wp-content\/uploads\/2019\/10\/P1260834.jpg?w=3840&amp;ssl=1 3840w\" data-sizes=\"auto, (max-width: 1920px) 100vw, 1920px\" src=\"data:image\/svg+xml;base64,PHN2ZyB3aWR0aD0iMSIgaGVpZ2h0PSIxIiB4bWxucz0iaHR0cDovL3d3dy53My5vcmcvMjAwMC9zdmciPjwvc3ZnPg==\" style=\"--smush-placeholder-width: 4000px; --smush-placeholder-aspect-ratio: 4000\/3000;\" \/>\t\t\t\t\t\t\t\t\t\t\t\t\t\t\t<\/div>\n\t\t\t\t<\/div>\n\t\t\t\t\t<\/div>\n\t\t<\/div>\n\t\t\t\t\t<\/div>\n\t\t<\/section>\n\t\t\t\t<section class=\"elementor-section elementor-top-section elementor-element elementor-element-d612d03 elementor-section-boxed elementor-section-height-default elementor-section-height-default\" data-id=\"d612d03\" data-element_type=\"section\" data-e-type=\"section\">\n\t\t\t\t\t\t<div class=\"elementor-container elementor-column-gap-default\">\n\t\t\t\t\t<div class=\"elementor-column elementor-col-100 elementor-top-column elementor-element elementor-element-4748f54\" data-id=\"4748f54\" data-element_type=\"column\" data-e-type=\"column\">\n\t\t\t<div class=\"elementor-widget-wrap elementor-element-populated\">\n\t\t\t\t\t\t<div class=\"elementor-element elementor-element-ca919cb elementor-widget elementor-widget-text-editor\" data-id=\"ca919cb\" data-element_type=\"widget\" data-e-type=\"widget\" data-widget_type=\"text-editor.default\">\n\t\t\t\t<div class=\"elementor-widget-container\">\n\t\t\t\t\t\t\t\t\t<p>Excursiones en padel surf en Sant Pere Pescador.<br \/>\nUna de nuestras mejores actividades!<br \/>\nDescubre ambos parques naturales:\u00a0<span style=\"font-size: 15px;\"><a href=\"https:\/\/www.empordaturisme.com\/es\/gp\/parc-natural-dels-aiguamolls-de-lemporda\/\">Aiguamolls de l&#8217;Empord\u00e0<\/a>, remando con <a href=\"https:\/\/www.fasewind.com\">Fasewind<\/a>.<br \/>\nP<\/span>odemos organizar excursiones especiales y eventos para grupos. Todo lo que te puedas imaginar como excursiones con snorkel, comidas o cenas en restaurantes encantadores, cata de vinos locales durante la excursi\u00f3n y mucho m\u00e1s!<a href=\"https:\/\/www.fasewind.com\/bookings\/\">\u00a0Preg\u00fantanos!<\/a><br \/>\nPuedes usar los convencionales <a href=\"https:\/\/www.fasewind.com\/sup\">padel surf o el SUP XXL<\/a> si sois gente suficiente!<\/p>\n\t\t\t\t\t\t\t\t<\/div>\n\t\t\t\t<\/div>\n\t\t\t\t\t<\/div>\n\t\t<\/div>\n\t\t\t\t\t<\/div>\n\t\t<\/section>\n\t\t\t\t<section class=\"elementor-section elementor-top-section elementor-element elementor-element-039e5fe elementor-section-boxed elementor-section-height-default elementor-section-height-default\" data-id=\"039e5fe\" data-element_type=\"section\" data-e-type=\"section\">\n\t\t\t\t\t\t<div class=\"elementor-container elementor-column-gap-default\">\n\t\t\t\t\t<div class=\"elementor-column elementor-col-100 elementor-top-column elementor-element elementor-element-de81678\" data-id=\"de81678\" data-element_type=\"column\" data-e-type=\"column\">\n\t\t\t<div class=\"elementor-widget-wrap elementor-element-populated\">\n\t\t\t\t\t\t<div class=\"elementor-element elementor-element-9f030e8 elementor-widget elementor-widget-heading\" data-id=\"9f030e8\" data-element_type=\"widget\" data-e-type=\"widget\" data-widget_type=\"heading.default\">\n\t\t\t\t<div class=\"elementor-widget-container\">\n\t\t\t\t\t<h2 class=\"elementor-heading-title elementor-size-default\">EXCURSIONES DOWN THE RIVER: FLUVI\u00c0 - Sant Pere Pescador<\/h2>\t\t\t\t<\/div>\n\t\t\t\t<\/div>\n\t\t\t\t\t<\/div>\n\t\t<\/div>\n\t\t\t\t\t<\/div>\n\t\t<\/section>\n\t\t\t\t<section class=\"elementor-section elementor-top-section elementor-element elementor-element-5357c377 elementor-section-boxed elementor-section-height-default elementor-section-height-default\" data-id=\"5357c377\" data-element_type=\"section\" data-e-type=\"section\">\n\t\t\t\t\t\t<div class=\"elementor-container elementor-column-gap-default\">\n\t\t\t\t\t<div class=\"elementor-column elementor-col-100 elementor-top-column elementor-element elementor-element-56ef49e5\" data-id=\"56ef49e5\" data-element_type=\"column\" data-e-type=\"column\">\n\t\t\t<div class=\"elementor-widget-wrap elementor-element-populated\">\n\t\t\t\t\t\t<div class=\"elementor-element elementor-element-779fcd08 elementor-widget elementor-widget-text-editor\" data-id=\"779fcd08\" data-element_type=\"widget\" data-e-type=\"widget\" data-widget_type=\"text-editor.default\">\n\t\t\t\t<div class=\"elementor-widget-container\">\n\t\t\t\t\t\t\t\t\t<p>Baja con nosotros por el r\u00edo Fluvi\u00e0 hasta la Gola, d\u00f3nde el r\u00edo se junta con el mar. Deporte y naturaleza, remando en el parque natural dels Aiguamolls de l&#8217;Empord\u00e0 en Sant Pere Pescador. Puedes hacelo s\u00f3lo o con un gu\u00eda.<\/p>\n<p>Normalmente quedamos en la oficina de turismo de Sant Pere Pescador, junto al puente que cruza el Fluvi\u00e0 para llegar al pueblo. Si necesitas ayuda para llegar p\u00eddenosla. Encontrar\u00e1s todo los equipos preparados y al gu\u00eda esper\u00e1ndote junto a la ribera. Antes de la excursi\u00f3n organizamos los veh\u00edculos. Es la mejor forma para tenerlos en la Gola, sitio d\u00f3nde finaliza la excursi\u00f3n, para poder ir donde quieras desde all\u00ed.<\/p>\n<p>Podemos organizar comidas y cenas en el restaurante SPK, en el r\u00edo. En \u00e9ste caso los vehiculos se llevar\u00e1n directamente al restaurante.<\/p>\n<p>Organizamos una excursi\u00f3n por semana durante el verano, normalmente los mi\u00e9rcoles y\/o los jueves. Puedes apuntarte al grupo o <a href=\"https:\/\/www.fasewind.com\/bookings\/\">reservar<\/a> tu propio grupo con actividades espec\u00edficas y un horario flexible (m\u00ednimo 5 personas).<\/p>\n<p>La excursi\u00f3n dura entre 2 i 3 horas desde que quedamos en la oficina de turismo. El horario recomendado es a las 4pm.<\/p>\n\t\t\t\t\t\t\t\t<\/div>\n\t\t\t\t<\/div>\n\t\t\t\t\t<\/div>\n\t\t<\/div>\n\t\t\t\t\t<\/div>\n\t\t<\/section>\n\t\t\t\t<section class=\"elementor-section elementor-top-section elementor-element elementor-element-8e70e68 elementor-section-boxed elementor-section-height-default elementor-section-height-default\" data-id=\"8e70e68\" data-element_type=\"section\" data-e-type=\"section\">\n\t\t\t\t\t\t<div class=\"elementor-container elementor-column-gap-default\">\n\t\t\t\t\t<div class=\"elementor-column elementor-col-100 elementor-top-column elementor-element elementor-element-2a96dd6\" data-id=\"2a96dd6\" data-element_type=\"column\" data-e-type=\"column\">\n\t\t\t<div class=\"elementor-widget-wrap elementor-element-populated\">\n\t\t\t\t\t\t<div class=\"elementor-element elementor-element-c4aa377 elementor-button-info elementor-align-justify elementor-widget__width-inherit elementor-widget elementor-widget-button\" data-id=\"c4aa377\" data-element_type=\"widget\" data-e-type=\"widget\" data-widget_type=\"button.default\">\n\t\t\t\t<div class=\"elementor-widget-container\">\n\t\t\t\t\t\t\t\t\t<div class=\"elementor-button-wrapper\">\n\t\t\t\t\t<a class=\"elementor-button elementor-size-md\" role=\"button\">\n\t\t\t\t\t\t<span class=\"elementor-button-content-wrapper\">\n\t\t\t\t\t\t\t\t\t<span class=\"elementor-button-text\">EXCURSI\u00d3N EN PADEL SURF: DOWN THE RIVER<\/span>\n\t\t\t\t\t<\/span>\n\t\t\t\t\t<\/a>\n\t\t\t\t<\/div>\n\t\t\t\t\t\t\t\t<\/div>\n\t\t\t\t<\/div>\n\t\t\t\t<div class=\"elementor-element elementor-element-01fe41d elementor-widget elementor-widget-text-editor\" data-id=\"01fe41d\" data-element_type=\"widget\" data-e-type=\"widget\" data-widget_type=\"text-editor.default\">\n\t\t\t\t<div class=\"elementor-widget-container\">\n\t\t\t\t\t\t\t\t\t<p style=\"text-align: left;\"><b>Nivel<\/b>: Todos los niveles<br \/>\n<b>Duraci\u00f3n<\/b>:\u00a0 1 d\u00eda &#8211; 2 or 3 horas<br \/>\n<b>Tama\u00f1o del grupo<\/b>: 5 &#8211; 16<\/p>\n\t\t\t\t\t\t\t\t<\/div>\n\t\t\t\t<\/div>\n\t\t\t\t<div class=\"elementor-element elementor-element-16bb73a elementor-widget elementor-widget-text-editor\" data-id=\"16bb73a\" data-element_type=\"widget\" data-e-type=\"widget\" data-widget_type=\"text-editor.default\">\n\t\t\t\t<div class=\"elementor-widget-container\">\n\t\t\t\t\t\t\t\t\t<h2 style=\"text-align: center;\"><strong>desde 49\u20ac<\/strong><\/h2>\n\t\t\t\t\t\t\t\t<\/div>\n\t\t\t\t<\/div>\n\t\t\t\t<div class=\"elementor-element elementor-element-8fbc1b3 elementor-button-info elementor-align-center elementor-widget elementor-widget-button\" data-id=\"8fbc1b3\" data-element_type=\"widget\" data-e-type=\"widget\" data-widget_type=\"button.default\">\n\t\t\t\t<div class=\"elementor-widget-container\">\n\t\t\t\t\t\t\t\t\t<div class=\"elementor-button-wrapper\">\n\t\t\t\t\t<a class=\"elementor-button elementor-button-link elementor-size-sm\" href=\"https:\/\/fasewind.com\/product\/sup-excursion-down-the-river\/\">\n\t\t\t\t\t\t<span class=\"elementor-button-content-wrapper\">\n\t\t\t\t\t\t\t\t\t<span class=\"elementor-button-text\">Res\u00e9rvame<\/span>\n\t\t\t\t\t<\/span>\n\t\t\t\t\t<\/a>\n\t\t\t\t<\/div>\n\t\t\t\t\t\t\t\t<\/div>\n\t\t\t\t<\/div>\n\t\t\t\t\t<\/div>\n\t\t<\/div>\n\t\t\t\t\t<\/div>\n\t\t<\/section>\n\t\t\t\t<section class=\"elementor-section elementor-top-section elementor-element elementor-element-4291ecf elementor-section-boxed elementor-section-height-default elementor-section-height-default\" data-id=\"4291ecf\" data-element_type=\"section\" data-e-type=\"section\">\n\t\t\t\t\t\t<div class=\"elementor-container elementor-column-gap-default\">\n\t\t\t\t\t<div class=\"elementor-column elementor-col-100 elementor-top-column elementor-element elementor-element-865292b\" data-id=\"865292b\" data-element_type=\"column\" data-e-type=\"column\">\n\t\t\t<div class=\"elementor-widget-wrap elementor-element-populated\">\n\t\t\t\t\t\t<div class=\"elementor-element elementor-element-6b61ff5 elementor-widget elementor-widget-spacer\" data-id=\"6b61ff5\" data-element_type=\"widget\" data-e-type=\"widget\" data-widget_type=\"spacer.default\">\n\t\t\t\t<div class=\"elementor-widget-container\">\n\t\t\t\t\t\t\t<div class=\"elementor-spacer\">\n\t\t\t<div class=\"elementor-spacer-inner\"><\/div>\n\t\t<\/div>\n\t\t\t\t\t\t<\/div>\n\t\t\t\t<\/div>\n\t\t\t\t\t<\/div>\n\t\t<\/div>\n\t\t\t\t\t<\/div>\n\t\t<\/section>\n\t\t\t\t<\/div>\n\t\t","protected":false},"excerpt":{"rendered":"<p>Excursiones en padel surf en Sant Pere Pescador. Una de nuestras mejores actividades! Descubre ambos parques naturales:\u00a0Aiguamolls de l&#8217;Empord\u00e0, remando con Fasewind. Podemos organizar excursiones especiales y eventos para grupos. Todo lo que te puedas imaginar como excursiones con snorkel, comidas o cenas en restaurantes encantadores, cata de vinos locales durante la excursi\u00f3n y mucho [&hellip;]<\/p>\n","protected":false},"author":1,"featured_media":0,"parent":0,"menu_order":0,"comment_status":"closed","ping_status":"closed","template":"elementor_header_footer","meta":{"nf_dc_page":"","_monsterinsights_skip_tracking":false,"_monsterinsights_sitenote_active":false,"_monsterinsights_sitenote_note":"","_monsterinsights_sitenote_category":0,"site-sidebar-layout":"default","site-content-layout":"default","ast-site-content-layout":"default","site-content-style":"default","site-sidebar-style":"default","ast-global-header-display":"","ast-banner-title-visibility":"","ast-main-header-display":"","ast-hfb-above-header-display":"","ast-hfb-below-header-display":"","ast-hfb-mobile-header-display":"","site-post-title":"disabled","ast-breadcrumbs-content":"","ast-featured-img":"disabled","footer-sml-layout":"","ast-disable-related-posts":"","theme-transparent-header-meta":"enabled","adv-header-id-meta":"","stick-header-meta":"","header-above-stick-meta":"","header-main-stick-meta":"","header-below-stick-meta":"","astra-migrate-meta-layouts":"default","ast-page-background-enabled":"default","ast-page-background-meta":{"desktop":{"background-color":"","background-image":"","background-repeat":"repeat","background-position":"center center","background-size":"auto","background-attachment":"scroll","background-type":"","background-media":"","overlay-type":"","overlay-color":"","overlay-opacity":"","overlay-gradient":""},"tablet":{"background-color":"","background-image":"","background-repeat":"repeat","background-position":"center center","background-size":"auto","background-attachment":"scroll","background-type":"","background-media":"","overlay-type":"","overlay-color":"","overlay-opacity":"","overlay-gradient":""},"mobile":{"background-color":"","background-image":"","background-repeat":"repeat","background-position":"center center","background-size":"auto","background-attachment":"scroll","background-type":"","background-media":"","overlay-type":"","overlay-color":"","overlay-opacity":"","overlay-gradient":""}},"ast-content-background-meta":{"desktop":{"background-color":"var(--ast-global-color-5)","background-image":"","background-repeat":"repeat","background-position":"center center","background-size":"auto","background-attachment":"scroll","background-type":"","background-media":"","overlay-type":"","overlay-color":"","overlay-opacity":"","overlay-gradient":""},"tablet":{"background-color":"var(--ast-global-color-5)","background-image":"","background-repeat":"repeat","background-position":"center center","background-size":"auto","background-attachment":"scroll","background-type":"","background-media":"","overlay-type":"","overlay-color":"","overlay-opacity":"","overlay-gradient":""},"mobile":{"background-color":"var(--ast-global-color-5)","background-image":"","background-repeat":"repeat","background-position":"center center","background-size":"auto","background-attachment":"scroll","background-type":"","background-media":"","overlay-type":"","overlay-color":"","overlay-opacity":"","overlay-gradient":""}},"ngg_post_thumbnail":0,"footnotes":""},"class_list":["post-3124","page","type-page","status-publish","hentry"],"yoast_head":"<!-- This site is optimized with the Yoast SEO plugin v27.4 - https:\/\/yoast.com\/product\/yoast-seo-wordpress\/ -->\n<title>Excursiones: Down the river en Stand Up Paddle<\/title>\n<meta name=\"description\" content=\"Descubre nuestras excursiones en padel surf: Down the River en el rio Fluvi\u00e0 en Sant Pere Pescador y explora los mejores spots del parque natural.\" \/>\n<meta name=\"robots\" content=\"index, follow, max-snippet:-1, max-image-preview:large, max-video-preview:-1\" \/>\n<link rel=\"canonical\" href=\"https:\/\/fasewind.com\/es\/excursiones\/\" \/>\n<meta property=\"og:locale\" content=\"es_ES\" \/>\n<meta property=\"og:type\" content=\"article\" \/>\n<meta property=\"og:title\" content=\"Excursiones: Down the river en Stand Up Paddle\" \/>\n<meta property=\"og:description\" content=\"Descubre nuestras excursiones en padel surf: Down the River en el rio Fluvi\u00e0 en Sant Pere Pescador y explora los mejores spots del parque natural.\" \/>\n<meta property=\"og:url\" content=\"https:\/\/fasewind.com\/es\/excursiones\/\" \/>\n<meta property=\"og:site_name\" content=\"Fase Wind\" \/>\n<meta property=\"article:publisher\" content=\"https:\/\/www.facebook.com\/Fasewind\/\" \/>\n<meta property=\"article:modified_time\" content=\"2023-05-22T11:08:18+00:00\" \/>\n<meta property=\"og:image\" content=\"https:\/\/fasewind.com\/wp-content\/uploads\/2019\/10\/P1260834.jpg\" \/>\n<meta name=\"twitter:card\" content=\"summary_large_image\" \/>\n<meta name=\"twitter:label1\" content=\"Tiempo de lectura\" \/>\n\t<meta name=\"twitter:data1\" content=\"2 minutos\" \/>\n<script type=\"application\/ld+json\" class=\"yoast-schema-graph\">{\"@context\":\"https:\\\/\\\/schema.org\",\"@graph\":[{\"@type\":\"WebPage\",\"@id\":\"https:\\\/\\\/fasewind.com\\\/es\\\/excursiones\\\/\",\"url\":\"https:\\\/\\\/fasewind.com\\\/es\\\/excursiones\\\/\",\"name\":\"Excursiones: Down the river en Stand Up Paddle\",\"isPartOf\":{\"@id\":\"https:\\\/\\\/fasewind.com\\\/es\\\/#website\"},\"primaryImageOfPage\":{\"@id\":\"https:\\\/\\\/fasewind.com\\\/es\\\/excursiones\\\/#primaryimage\"},\"image\":{\"@id\":\"https:\\\/\\\/fasewind.com\\\/es\\\/excursiones\\\/#primaryimage\"},\"thumbnailUrl\":\"https:\\\/\\\/fasewind.com\\\/wp-content\\\/uploads\\\/2019\\\/10\\\/P1260834.jpg\",\"datePublished\":\"2018-03-24T16:52:17+00:00\",\"dateModified\":\"2023-05-22T11:08:18+00:00\",\"description\":\"Descubre nuestras excursiones en padel surf: Down the River en el rio Fluvi\u00e0 en Sant Pere Pescador y explora los mejores spots del parque natural.\",\"breadcrumb\":{\"@id\":\"https:\\\/\\\/fasewind.com\\\/es\\\/excursiones\\\/#breadcrumb\"},\"inLanguage\":\"es\",\"potentialAction\":[{\"@type\":\"ReadAction\",\"target\":[\"https:\\\/\\\/fasewind.com\\\/es\\\/excursiones\\\/\"]}]},{\"@type\":\"ImageObject\",\"inLanguage\":\"es\",\"@id\":\"https:\\\/\\\/fasewind.com\\\/es\\\/excursiones\\\/#primaryimage\",\"url\":\"https:\\\/\\\/fasewind.com\\\/wp-content\\\/uploads\\\/2019\\\/10\\\/P1260834.jpg\",\"contentUrl\":\"https:\\\/\\\/fasewind.com\\\/wp-content\\\/uploads\\\/2019\\\/10\\\/P1260834.jpg\"},{\"@type\":\"BreadcrumbList\",\"@id\":\"https:\\\/\\\/fasewind.com\\\/es\\\/excursiones\\\/#breadcrumb\",\"itemListElement\":[{\"@type\":\"ListItem\",\"position\":1,\"name\":\"Home\",\"item\":\"https:\\\/\\\/fasewind.com\\\/es\\\/\"},{\"@type\":\"ListItem\",\"position\":2,\"name\":\"EXCURSIONES\"}]},{\"@type\":\"WebSite\",\"@id\":\"https:\\\/\\\/fasewind.com\\\/es\\\/#website\",\"url\":\"https:\\\/\\\/fasewind.com\\\/es\\\/\",\"name\":\"Fase Wind\",\"description\":\"Fasewind - Windsurf Center Costa Brava\",\"publisher\":{\"@id\":\"https:\\\/\\\/fasewind.com\\\/es\\\/#organization\"},\"potentialAction\":[{\"@type\":\"SearchAction\",\"target\":{\"@type\":\"EntryPoint\",\"urlTemplate\":\"https:\\\/\\\/fasewind.com\\\/es\\\/?s={search_term_string}\"},\"query-input\":{\"@type\":\"PropertyValueSpecification\",\"valueRequired\":true,\"valueName\":\"search_term_string\"}}],\"inLanguage\":\"es\"},{\"@type\":\"Organization\",\"@id\":\"https:\\\/\\\/fasewind.com\\\/es\\\/#organization\",\"name\":\"Fase Wind\",\"url\":\"https:\\\/\\\/fasewind.com\\\/es\\\/\",\"logo\":{\"@type\":\"ImageObject\",\"inLanguage\":\"es\",\"@id\":\"https:\\\/\\\/fasewind.com\\\/es\\\/#\\\/schema\\\/logo\\\/image\\\/\",\"url\":\"https:\\\/\\\/fasewind.com\\\/wp-content\\\/uploads\\\/2018\\\/01\\\/lOGO-TRANSP-e1519055659488.png\",\"contentUrl\":\"https:\\\/\\\/fasewind.com\\\/wp-content\\\/uploads\\\/2018\\\/01\\\/lOGO-TRANSP-e1519055659488.png\",\"width\":150,\"height\":189,\"caption\":\"Fase Wind\"},\"image\":{\"@id\":\"https:\\\/\\\/fasewind.com\\\/es\\\/#\\\/schema\\\/logo\\\/image\\\/\"},\"sameAs\":[\"https:\\\/\\\/www.facebook.com\\\/Fasewind\\\/\"]}]}<\/script>\n<!-- \/ Yoast SEO plugin. -->","yoast_head_json":{"title":"Excursiones: Down the river en Stand Up Paddle","description":"Descubre nuestras excursiones en padel surf: Down the River en el rio Fluvi\u00e0 en Sant Pere Pescador y explora los mejores spots del parque natural.","robots":{"index":"index","follow":"follow","max-snippet":"max-snippet:-1","max-image-preview":"max-image-preview:large","max-video-preview":"max-video-preview:-1"},"canonical":"https:\/\/fasewind.com\/es\/excursiones\/","og_locale":"es_ES","og_type":"article","og_title":"Excursiones: Down the river en Stand Up Paddle","og_description":"Descubre nuestras excursiones en padel surf: Down the River en el rio Fluvi\u00e0 en Sant Pere Pescador y explora los mejores spots del parque natural.","og_url":"https:\/\/fasewind.com\/es\/excursiones\/","og_site_name":"Fase Wind","article_publisher":"https:\/\/www.facebook.com\/Fasewind\/","article_modified_time":"2023-05-22T11:08:18+00:00","og_image":[{"url":"https:\/\/fasewind.com\/wp-content\/uploads\/2019\/10\/P1260834.jpg","type":"","width":"","height":""}],"twitter_card":"summary_large_image","twitter_misc":{"Tiempo de lectura":"2 minutos"},"schema":{"@context":"https:\/\/schema.org","@graph":[{"@type":"WebPage","@id":"https:\/\/fasewind.com\/es\/excursiones\/","url":"https:\/\/fasewind.com\/es\/excursiones\/","name":"Excursiones: Down the river en Stand Up Paddle","isPartOf":{"@id":"https:\/\/fasewind.com\/es\/#website"},"primaryImageOfPage":{"@id":"https:\/\/fasewind.com\/es\/excursiones\/#primaryimage"},"image":{"@id":"https:\/\/fasewind.com\/es\/excursiones\/#primaryimage"},"thumbnailUrl":"https:\/\/fasewind.com\/wp-content\/uploads\/2019\/10\/P1260834.jpg","datePublished":"2018-03-24T16:52:17+00:00","dateModified":"2023-05-22T11:08:18+00:00","description":"Descubre nuestras excursiones en padel surf: Down the River en el rio Fluvi\u00e0 en Sant Pere Pescador y explora los mejores spots del parque natural.","breadcrumb":{"@id":"https:\/\/fasewind.com\/es\/excursiones\/#breadcrumb"},"inLanguage":"es","potentialAction":[{"@type":"ReadAction","target":["https:\/\/fasewind.com\/es\/excursiones\/"]}]},{"@type":"ImageObject","inLanguage":"es","@id":"https:\/\/fasewind.com\/es\/excursiones\/#primaryimage","url":"https:\/\/fasewind.com\/wp-content\/uploads\/2019\/10\/P1260834.jpg","contentUrl":"https:\/\/fasewind.com\/wp-content\/uploads\/2019\/10\/P1260834.jpg"},{"@type":"BreadcrumbList","@id":"https:\/\/fasewind.com\/es\/excursiones\/#breadcrumb","itemListElement":[{"@type":"ListItem","position":1,"name":"Home","item":"https:\/\/fasewind.com\/es\/"},{"@type":"ListItem","position":2,"name":"EXCURSIONES"}]},{"@type":"WebSite","@id":"https:\/\/fasewind.com\/es\/#website","url":"https:\/\/fasewind.com\/es\/","name":"Fase Wind","description":"Fasewind - Windsurf Center Costa Brava","publisher":{"@id":"https:\/\/fasewind.com\/es\/#organization"},"potentialAction":[{"@type":"SearchAction","target":{"@type":"EntryPoint","urlTemplate":"https:\/\/fasewind.com\/es\/?s={search_term_string}"},"query-input":{"@type":"PropertyValueSpecification","valueRequired":true,"valueName":"search_term_string"}}],"inLanguage":"es"},{"@type":"Organization","@id":"https:\/\/fasewind.com\/es\/#organization","name":"Fase Wind","url":"https:\/\/fasewind.com\/es\/","logo":{"@type":"ImageObject","inLanguage":"es","@id":"https:\/\/fasewind.com\/es\/#\/schema\/logo\/image\/","url":"https:\/\/fasewind.com\/wp-content\/uploads\/2018\/01\/lOGO-TRANSP-e1519055659488.png","contentUrl":"https:\/\/fasewind.com\/wp-content\/uploads\/2018\/01\/lOGO-TRANSP-e1519055659488.png","width":150,"height":189,"caption":"Fase Wind"},"image":{"@id":"https:\/\/fasewind.com\/es\/#\/schema\/logo\/image\/"},"sameAs":["https:\/\/www.facebook.com\/Fasewind\/"]}]}},"jetpack_sharing_enabled":true,"_links":{"self":[{"href":"https:\/\/fasewind.com\/es\/wp-json\/wp\/v2\/pages\/3124","targetHints":{"allow":["GET"]}}],"collection":[{"href":"https:\/\/fasewind.com\/es\/wp-json\/wp\/v2\/pages"}],"about":[{"href":"https:\/\/fasewind.com\/es\/wp-json\/wp\/v2\/types\/page"}],"author":[{"embeddable":true,"href":"https:\/\/fasewind.com\/es\/wp-json\/wp\/v2\/users\/1"}],"replies":[{"embeddable":true,"href":"https:\/\/fasewind.com\/es\/wp-json\/wp\/v2\/comments?post=3124"}],"version-history":[{"count":2,"href":"https:\/\/fasewind.com\/es\/wp-json\/wp\/v2\/pages\/3124\/revisions"}],"predecessor-version":[{"id":6291,"href":"https:\/\/fasewind.com\/es\/wp-json\/wp\/v2\/pages\/3124\/revisions\/6291"}],"wp:attachment":[{"href":"https:\/\/fasewind.com\/es\/wp-json\/wp\/v2\/media?parent=3124"}],"curies":[{"name":"wp","href":"https:\/\/api.w.org\/{rel}","templated":true}]}}