{"id":3122,"date":"2018-03-24T16:52:17","date_gmt":"2018-03-24T16:52:17","guid":{"rendered":"https:\/\/fasewind.com\/excursions\/"},"modified":"2023-05-22T11:03:22","modified_gmt":"2023-05-22T11:03:22","slug":"excursions","status":"publish","type":"page","link":"https:\/\/fasewind.com\/ca\/excursions\/","title":{"rendered":"EXCURSIONS"},"content":{"rendered":"\t\t<div data-elementor-type=\"wp-post\" data-elementor-id=\"3122\" class=\"elementor elementor-3122 elementor-637\" data-elementor-post-type=\"page\">\n\t\t\t\t\t\t<section class=\"elementor-section elementor-top-section elementor-element elementor-element-0b9b815 elementor-section-full_width elementor-section-height-default elementor-section-height-default\" data-id=\"0b9b815\" data-element_type=\"section\" data-e-type=\"section\">\n\t\t\t\t\t\t<div class=\"elementor-container elementor-column-gap-default\">\n\t\t\t\t\t<div class=\"elementor-column elementor-col-100 elementor-top-column elementor-element elementor-element-1d9d867\" data-id=\"1d9d867\" data-element_type=\"column\" data-e-type=\"column\">\n\t\t\t<div class=\"elementor-widget-wrap elementor-element-populated\">\n\t\t\t\t\t\t<div class=\"elementor-element elementor-element-9899671 elementor-widget elementor-widget-image\" data-id=\"9899671\" data-element_type=\"widget\" data-e-type=\"widget\" data-widget_type=\"image.default\">\n\t\t\t\t<div class=\"elementor-widget-container\">\n\t\t\t\t\t\t\t\t\t\t\t\t\t\t\t<img decoding=\"async\" width=\"4000\" height=\"3000\" data-src=\"https:\/\/i0.wp.com\/fasewind.com\/wp-content\/uploads\/2019\/10\/P1260834.jpg?fit=4000%2C3000&amp;ssl=1\" class=\"attachment-full size-full wp-image-2531 lazyload\" alt=\"SUP excursion: down the river\" data-srcset=\"https:\/\/i0.wp.com\/fasewind.com\/wp-content\/uploads\/2019\/10\/P1260834.jpg?w=4000&amp;ssl=1 4000w, https:\/\/i0.wp.com\/fasewind.com\/wp-content\/uploads\/2019\/10\/P1260834.jpg?resize=300%2C225&amp;ssl=1 300w, https:\/\/i0.wp.com\/fasewind.com\/wp-content\/uploads\/2019\/10\/P1260834.jpg?resize=768%2C576&amp;ssl=1 768w, https:\/\/i0.wp.com\/fasewind.com\/wp-content\/uploads\/2019\/10\/P1260834.jpg?resize=1024%2C768&amp;ssl=1 1024w, https:\/\/i0.wp.com\/fasewind.com\/wp-content\/uploads\/2019\/10\/P1260834.jpg?resize=600%2C450&amp;ssl=1 600w, https:\/\/i0.wp.com\/fasewind.com\/wp-content\/uploads\/2019\/10\/P1260834.jpg?w=3840&amp;ssl=1 3840w\" data-sizes=\"auto, (max-width: 1920px) 100vw, 1920px\" src=\"data:image\/svg+xml;base64,PHN2ZyB3aWR0aD0iMSIgaGVpZ2h0PSIxIiB4bWxucz0iaHR0cDovL3d3dy53My5vcmcvMjAwMC9zdmciPjwvc3ZnPg==\" style=\"--smush-placeholder-width: 4000px; --smush-placeholder-aspect-ratio: 4000\/3000;\" \/>\t\t\t\t\t\t\t\t\t\t\t\t\t\t\t<\/div>\n\t\t\t\t<\/div>\n\t\t\t\t\t<\/div>\n\t\t<\/div>\n\t\t\t\t\t<\/div>\n\t\t<\/section>\n\t\t\t\t<section class=\"elementor-section elementor-top-section elementor-element elementor-element-d612d03 elementor-section-boxed elementor-section-height-default elementor-section-height-default\" data-id=\"d612d03\" data-element_type=\"section\" data-e-type=\"section\">\n\t\t\t\t\t\t<div class=\"elementor-container elementor-column-gap-default\">\n\t\t\t\t\t<div class=\"elementor-column elementor-col-100 elementor-top-column elementor-element elementor-element-4748f54\" data-id=\"4748f54\" data-element_type=\"column\" data-e-type=\"column\">\n\t\t\t<div class=\"elementor-widget-wrap elementor-element-populated\">\n\t\t\t\t\t\t<div class=\"elementor-element elementor-element-ca919cb elementor-widget elementor-widget-text-editor\" data-id=\"ca919cb\" data-element_type=\"widget\" data-e-type=\"widget\" data-widget_type=\"text-editor.default\">\n\t\t\t\t<div class=\"elementor-widget-container\">\n\t\t\t\t\t\t\t\t\t<p>Excursions amb stand up paddle a Sant Pere Pescador. Una de les nostres millors activitats!<br \/>\nDescobreix el parcs natural dels <span style=\"font-size: 15px;\"><a href=\"https:\/\/www.empordaturisme.com\/es\/gp\/parc-natural-dels-aiguamolls-de-lemporda\/\">Aiguamolls de l&#8217;Empord\u00e0<\/a>, remant des de l&#8217;aigua amb <a href=\"https:\/\/www.fasewind.com\">Fasewind<\/a>.<\/span><\/p>\n<p>Et podem organitzar excursions especials i events per grups. Tot el que et puguis imaginar com excursions de snorkel, dinar o sopar en un restaurant especial, cata de vins i caves durant l&#8217;excursi\u00f3 i molt m\u00e9s! <a href=\"https:\/\/www.fasewind.com\/bookings\/\">Pregunta&#8217;ns!<\/a><br \/>\nPodr\u00e0s utilitzar els <a href=\"https:\/\/www.fasewind.com\/sup\">padel surfs o el SUP XXL<\/a> si sou prou gent!<\/p>\n\t\t\t\t\t\t\t\t<\/div>\n\t\t\t\t<\/div>\n\t\t\t\t\t<\/div>\n\t\t<\/div>\n\t\t\t\t\t<\/div>\n\t\t<\/section>\n\t\t\t\t<section class=\"elementor-section elementor-top-section elementor-element elementor-element-039e5fe elementor-section-boxed elementor-section-height-default elementor-section-height-default\" data-id=\"039e5fe\" data-element_type=\"section\" data-e-type=\"section\">\n\t\t\t\t\t\t<div class=\"elementor-container elementor-column-gap-default\">\n\t\t\t\t\t<div class=\"elementor-column elementor-col-100 elementor-top-column elementor-element elementor-element-de81678\" data-id=\"de81678\" data-element_type=\"column\" data-e-type=\"column\">\n\t\t\t<div class=\"elementor-widget-wrap elementor-element-populated\">\n\t\t\t\t\t\t<div class=\"elementor-element elementor-element-9f030e8 elementor-widget elementor-widget-heading\" data-id=\"9f030e8\" data-element_type=\"widget\" data-e-type=\"widget\" data-widget_type=\"heading.default\">\n\t\t\t\t<div class=\"elementor-widget-container\">\n\t\t\t\t\t<h2 class=\"elementor-heading-title elementor-size-default\">EXCURSIONS DOWN THE RIVER: FLUVI\u00c0 - Sant Pere Pescador<\/h2>\t\t\t\t<\/div>\n\t\t\t\t<\/div>\n\t\t\t\t\t<\/div>\n\t\t<\/div>\n\t\t\t\t\t<\/div>\n\t\t<\/section>\n\t\t\t\t<section class=\"elementor-section elementor-top-section elementor-element elementor-element-5357c377 elementor-section-boxed elementor-section-height-default elementor-section-height-default\" data-id=\"5357c377\" data-element_type=\"section\" data-e-type=\"section\">\n\t\t\t\t\t\t<div class=\"elementor-container elementor-column-gap-default\">\n\t\t\t\t\t<div class=\"elementor-column elementor-col-100 elementor-top-column elementor-element elementor-element-56ef49e5\" data-id=\"56ef49e5\" data-element_type=\"column\" data-e-type=\"column\">\n\t\t\t<div class=\"elementor-widget-wrap elementor-element-populated\">\n\t\t\t\t\t\t<div class=\"elementor-element elementor-element-779fcd08 elementor-widget elementor-widget-text-editor\" data-id=\"779fcd08\" data-element_type=\"widget\" data-e-type=\"widget\" data-widget_type=\"text-editor.default\">\n\t\t\t\t<div class=\"elementor-widget-container\">\n\t\t\t\t\t\t\t\t\t<p>Baixa pel riu Fluvi\u00e0 fins a la Gola, on el riu troba el mar. Esport, natura i molta diversi\u00f3 remant pels Aiguamolls de l&#8217;Empord\u00e0, a Sant Pere Pescador. Pots fer el descens pel riu amb un guia o pel teu compte.<\/p>\n<p>Normalment ens trobem a l&#8217;oficina de turisme de Sant Pere Pescador, al costat del pont abans de creuar el Fluvi\u00e0 cap al poble. Si necessites ajuda per arribar-hi nom\u00e9s ho has de demanar. Trobar\u00e0s tots els equips preparats a la riba, amb un guia esperant-te. Abans de l&#8217;excursi\u00f3 organitzem els cotxes. \u00c9s la millor manera per tenir el cotxe ja a la Gola, al final del recorregut, perqu\u00e8 puguis fer el que vulguis un cop arribem.<\/p>\n<p>Et podem organitzar un dinar o sopar al restaurant SPK, al costat del riu. En aquest cas portar\u00edem els vehicles directament al restaurant.<\/p>\n<p>Organitzem una excursi\u00f3 per setmana durant l&#8217;estiu, normalment dimecres o dijous segons places sol\u00b7licitades. Pots unir-te a un grup o <a href=\"https:\/\/www.fasewind.com\/bookings\/\">reservar<\/a> el teu propi grup amb activitats espec\u00edfiques i un horari flexible (m\u00ednim 5 persones).<\/p>\n<p>L&#8217;excursi\u00f3 dura de 2 a 3 hores, des de la quedada a la oficina de turisme fins al final. L&#8217;hora de trobada habitual \u00e9s a les 4pm,<\/p>\n\t\t\t\t\t\t\t\t<\/div>\n\t\t\t\t<\/div>\n\t\t\t\t\t<\/div>\n\t\t<\/div>\n\t\t\t\t\t<\/div>\n\t\t<\/section>\n\t\t\t\t<section class=\"elementor-section elementor-top-section elementor-element elementor-element-8e70e68 elementor-section-boxed elementor-section-height-default elementor-section-height-default\" data-id=\"8e70e68\" data-element_type=\"section\" data-e-type=\"section\">\n\t\t\t\t\t\t<div class=\"elementor-container elementor-column-gap-default\">\n\t\t\t\t\t<div class=\"elementor-column elementor-col-100 elementor-top-column elementor-element elementor-element-2a96dd6\" data-id=\"2a96dd6\" data-element_type=\"column\" data-e-type=\"column\">\n\t\t\t<div class=\"elementor-widget-wrap elementor-element-populated\">\n\t\t\t\t\t\t<div class=\"elementor-element elementor-element-c4aa377 elementor-button-info elementor-align-justify elementor-widget__width-inherit elementor-widget elementor-widget-button\" data-id=\"c4aa377\" data-element_type=\"widget\" data-e-type=\"widget\" data-widget_type=\"button.default\">\n\t\t\t\t<div class=\"elementor-widget-container\">\n\t\t\t\t\t\t\t\t\t<div class=\"elementor-button-wrapper\">\n\t\t\t\t\t<a class=\"elementor-button elementor-size-md\" role=\"button\">\n\t\t\t\t\t\t<span class=\"elementor-button-content-wrapper\">\n\t\t\t\t\t\t\t\t\t<span class=\"elementor-button-text\">EXCURSI\u00d3 EN SUP: DOWN THE RIVER<\/span>\n\t\t\t\t\t<\/span>\n\t\t\t\t\t<\/a>\n\t\t\t\t<\/div>\n\t\t\t\t\t\t\t\t<\/div>\n\t\t\t\t<\/div>\n\t\t\t\t<div class=\"elementor-element elementor-element-01fe41d elementor-widget elementor-widget-text-editor\" data-id=\"01fe41d\" data-element_type=\"widget\" data-e-type=\"widget\" data-widget_type=\"text-editor.default\">\n\t\t\t\t<div class=\"elementor-widget-container\">\n\t\t\t\t\t\t\t\t\t<p style=\"text-align: left;\"><b>Nivell<\/b>: Tots els nivells<br \/>\n<b>Durada<\/b>:\u00a0 1 d\u00eda &#8211; 2 o 3 hores<br \/>\n<b>Mida del grup<\/b>: 5 &#8211; 16<\/p>\n\t\t\t\t\t\t\t\t<\/div>\n\t\t\t\t<\/div>\n\t\t\t\t<div class=\"elementor-element elementor-element-16bb73a elementor-widget elementor-widget-text-editor\" data-id=\"16bb73a\" data-element_type=\"widget\" data-e-type=\"widget\" data-widget_type=\"text-editor.default\">\n\t\t\t\t<div class=\"elementor-widget-container\">\n\t\t\t\t\t\t\t\t\t<h2 style=\"text-align: center;\"><strong>a partir de 49\u20ac<\/strong><\/h2>\n\t\t\t\t\t\t\t\t<\/div>\n\t\t\t\t<\/div>\n\t\t\t\t<div class=\"elementor-element elementor-element-8fbc1b3 elementor-button-info elementor-align-center elementor-widget elementor-widget-button\" data-id=\"8fbc1b3\" data-element_type=\"widget\" data-e-type=\"widget\" data-widget_type=\"button.default\">\n\t\t\t\t<div class=\"elementor-widget-container\">\n\t\t\t\t\t\t\t\t\t<div class=\"elementor-button-wrapper\">\n\t\t\t\t\t<a class=\"elementor-button elementor-button-link elementor-size-sm\" href=\"https:\/\/fasewind.com\/product\/sup-excursion-down-the-river\/\">\n\t\t\t\t\t\t<span class=\"elementor-button-content-wrapper\">\n\t\t\t\t\t\t\t\t\t<span class=\"elementor-button-text\">Reserva'm<\/span>\n\t\t\t\t\t<\/span>\n\t\t\t\t\t<\/a>\n\t\t\t\t<\/div>\n\t\t\t\t\t\t\t\t<\/div>\n\t\t\t\t<\/div>\n\t\t\t\t\t<\/div>\n\t\t<\/div>\n\t\t\t\t\t<\/div>\n\t\t<\/section>\n\t\t\t\t<section class=\"elementor-section elementor-top-section elementor-element elementor-element-4291ecf elementor-section-boxed elementor-section-height-default elementor-section-height-default\" data-id=\"4291ecf\" data-element_type=\"section\" data-e-type=\"section\">\n\t\t\t\t\t\t<div class=\"elementor-container elementor-column-gap-default\">\n\t\t\t\t\t<div class=\"elementor-column elementor-col-100 elementor-top-column elementor-element elementor-element-865292b\" data-id=\"865292b\" data-element_type=\"column\" data-e-type=\"column\">\n\t\t\t<div class=\"elementor-widget-wrap elementor-element-populated\">\n\t\t\t\t\t\t<div class=\"elementor-element elementor-element-6b61ff5 elementor-widget elementor-widget-spacer\" data-id=\"6b61ff5\" data-element_type=\"widget\" data-e-type=\"widget\" data-widget_type=\"spacer.default\">\n\t\t\t\t<div class=\"elementor-widget-container\">\n\t\t\t\t\t\t\t<div class=\"elementor-spacer\">\n\t\t\t<div class=\"elementor-spacer-inner\"><\/div>\n\t\t<\/div>\n\t\t\t\t\t\t<\/div>\n\t\t\t\t<\/div>\n\t\t\t\t\t<\/div>\n\t\t<\/div>\n\t\t\t\t\t<\/div>\n\t\t<\/section>\n\t\t\t\t<\/div>\n\t\t","protected":false},"excerpt":{"rendered":"<p>Excursions amb stand up paddle a Sant Pere Pescador. Una de les nostres millors activitats! Descobreix el parcs natural dels Aiguamolls de l&#8217;Empord\u00e0, remant des de l&#8217;aigua amb Fasewind. Et podem organitzar excursions especials i events per grups. Tot el que et puguis imaginar com excursions de snorkel, dinar o sopar en un restaurant especial, [&hellip;]<\/p>\n","protected":false},"author":1,"featured_media":0,"parent":0,"menu_order":0,"comment_status":"closed","ping_status":"closed","template":"elementor_header_footer","meta":{"nf_dc_page":"","_monsterinsights_skip_tracking":false,"_monsterinsights_sitenote_active":false,"_monsterinsights_sitenote_note":"","_monsterinsights_sitenote_category":0,"site-sidebar-layout":"default","site-content-layout":"default","ast-site-content-layout":"default","site-content-style":"default","site-sidebar-style":"default","ast-global-header-display":"","ast-banner-title-visibility":"","ast-main-header-display":"","ast-hfb-above-header-display":"","ast-hfb-below-header-display":"","ast-hfb-mobile-header-display":"","site-post-title":"disabled","ast-breadcrumbs-content":"","ast-featured-img":"disabled","footer-sml-layout":"","ast-disable-related-posts":"","theme-transparent-header-meta":"enabled","adv-header-id-meta":"","stick-header-meta":"","header-above-stick-meta":"","header-main-stick-meta":"","header-below-stick-meta":"","astra-migrate-meta-layouts":"default","ast-page-background-enabled":"default","ast-page-background-meta":{"desktop":{"background-color":"","background-image":"","background-repeat":"repeat","background-position":"center center","background-size":"auto","background-attachment":"scroll","background-type":"","background-media":"","overlay-type":"","overlay-color":"","overlay-opacity":"","overlay-gradient":""},"tablet":{"background-color":"","background-image":"","background-repeat":"repeat","background-position":"center center","background-size":"auto","background-attachment":"scroll","background-type":"","background-media":"","overlay-type":"","overlay-color":"","overlay-opacity":"","overlay-gradient":""},"mobile":{"background-color":"","background-image":"","background-repeat":"repeat","background-position":"center center","background-size":"auto","background-attachment":"scroll","background-type":"","background-media":"","overlay-type":"","overlay-color":"","overlay-opacity":"","overlay-gradient":""}},"ast-content-background-meta":{"desktop":{"background-color":"var(--ast-global-color-5)","background-image":"","background-repeat":"repeat","background-position":"center center","background-size":"auto","background-attachment":"scroll","background-type":"","background-media":"","overlay-type":"","overlay-color":"","overlay-opacity":"","overlay-gradient":""},"tablet":{"background-color":"var(--ast-global-color-5)","background-image":"","background-repeat":"repeat","background-position":"center center","background-size":"auto","background-attachment":"scroll","background-type":"","background-media":"","overlay-type":"","overlay-color":"","overlay-opacity":"","overlay-gradient":""},"mobile":{"background-color":"var(--ast-global-color-5)","background-image":"","background-repeat":"repeat","background-position":"center center","background-size":"auto","background-attachment":"scroll","background-type":"","background-media":"","overlay-type":"","overlay-color":"","overlay-opacity":"","overlay-gradient":""}},"ngg_post_thumbnail":0,"footnotes":""},"class_list":["post-3122","page","type-page","status-publish","hentry"],"yoast_head":"<!-- This site is optimized with the Yoast SEO plugin v27.4 - https:\/\/yoast.com\/product\/yoast-seo-wordpress\/ -->\n<title>Excursions: Down the river amb Stand Up Paddle<\/title>\n<meta name=\"description\" content=\"Descobreix les nostres excursions amb Padel Surf: Baixa pel riu fluvi\u00e0 fins al mar i descobreix els millors paratges del parc natural.\" \/>\n<meta name=\"robots\" content=\"index, follow, max-snippet:-1, max-image-preview:large, max-video-preview:-1\" \/>\n<link rel=\"canonical\" href=\"https:\/\/fasewind.com\/ca\/excursions\/\" \/>\n<meta property=\"og:locale\" content=\"ca_ES\" \/>\n<meta property=\"og:type\" content=\"article\" \/>\n<meta property=\"og:title\" content=\"Excursions: Down the river amb Stand Up Paddle\" \/>\n<meta property=\"og:description\" content=\"Descobreix les nostres excursions amb Padel Surf: Baixa pel riu fluvi\u00e0 fins al mar i descobreix els millors paratges del parc natural.\" \/>\n<meta property=\"og:url\" content=\"https:\/\/fasewind.com\/ca\/excursions\/\" \/>\n<meta property=\"og:site_name\" content=\"Fase Wind\" \/>\n<meta property=\"article:publisher\" content=\"https:\/\/www.facebook.com\/Fasewind\/\" \/>\n<meta property=\"article:modified_time\" content=\"2023-05-22T11:03:22+00:00\" \/>\n<meta property=\"og:image\" content=\"https:\/\/fasewind.com\/wp-content\/uploads\/2019\/10\/P1260834.jpg\" \/>\n<meta name=\"twitter:card\" content=\"summary_large_image\" \/>\n<meta name=\"twitter:label1\" content=\"Temps estimat de lectura\" \/>\n\t<meta name=\"twitter:data1\" content=\"2 minuts\" \/>\n<script type=\"application\/ld+json\" class=\"yoast-schema-graph\">{\"@context\":\"https:\\\/\\\/schema.org\",\"@graph\":[{\"@type\":\"WebPage\",\"@id\":\"https:\\\/\\\/fasewind.com\\\/ca\\\/excursions\\\/\",\"url\":\"https:\\\/\\\/fasewind.com\\\/ca\\\/excursions\\\/\",\"name\":\"Excursions: Down the river amb Stand Up Paddle\",\"isPartOf\":{\"@id\":\"https:\\\/\\\/fasewind.com\\\/ca\\\/#website\"},\"primaryImageOfPage\":{\"@id\":\"https:\\\/\\\/fasewind.com\\\/ca\\\/excursions\\\/#primaryimage\"},\"image\":{\"@id\":\"https:\\\/\\\/fasewind.com\\\/ca\\\/excursions\\\/#primaryimage\"},\"thumbnailUrl\":\"https:\\\/\\\/fasewind.com\\\/wp-content\\\/uploads\\\/2019\\\/10\\\/P1260834.jpg\",\"datePublished\":\"2018-03-24T16:52:17+00:00\",\"dateModified\":\"2023-05-22T11:03:22+00:00\",\"description\":\"Descobreix les nostres excursions amb Padel Surf: Baixa pel riu fluvi\u00e0 fins al mar i descobreix els millors paratges del parc natural.\",\"breadcrumb\":{\"@id\":\"https:\\\/\\\/fasewind.com\\\/ca\\\/excursions\\\/#breadcrumb\"},\"inLanguage\":\"ca\",\"potentialAction\":[{\"@type\":\"ReadAction\",\"target\":[\"https:\\\/\\\/fasewind.com\\\/ca\\\/excursions\\\/\"]}]},{\"@type\":\"ImageObject\",\"inLanguage\":\"ca\",\"@id\":\"https:\\\/\\\/fasewind.com\\\/ca\\\/excursions\\\/#primaryimage\",\"url\":\"https:\\\/\\\/fasewind.com\\\/wp-content\\\/uploads\\\/2019\\\/10\\\/P1260834.jpg\",\"contentUrl\":\"https:\\\/\\\/fasewind.com\\\/wp-content\\\/uploads\\\/2019\\\/10\\\/P1260834.jpg\"},{\"@type\":\"BreadcrumbList\",\"@id\":\"https:\\\/\\\/fasewind.com\\\/ca\\\/excursions\\\/#breadcrumb\",\"itemListElement\":[{\"@type\":\"ListItem\",\"position\":1,\"name\":\"Home\",\"item\":\"https:\\\/\\\/fasewind.com\\\/ca\\\/\"},{\"@type\":\"ListItem\",\"position\":2,\"name\":\"EXCURSIONS\"}]},{\"@type\":\"WebSite\",\"@id\":\"https:\\\/\\\/fasewind.com\\\/ca\\\/#website\",\"url\":\"https:\\\/\\\/fasewind.com\\\/ca\\\/\",\"name\":\"Fase Wind\",\"description\":\"Fasewind - Windsurf Center Costa Brava\",\"publisher\":{\"@id\":\"https:\\\/\\\/fasewind.com\\\/ca\\\/#organization\"},\"potentialAction\":[{\"@type\":\"SearchAction\",\"target\":{\"@type\":\"EntryPoint\",\"urlTemplate\":\"https:\\\/\\\/fasewind.com\\\/ca\\\/?s={search_term_string}\"},\"query-input\":{\"@type\":\"PropertyValueSpecification\",\"valueRequired\":true,\"valueName\":\"search_term_string\"}}],\"inLanguage\":\"ca\"},{\"@type\":\"Organization\",\"@id\":\"https:\\\/\\\/fasewind.com\\\/ca\\\/#organization\",\"name\":\"Fase Wind\",\"url\":\"https:\\\/\\\/fasewind.com\\\/ca\\\/\",\"logo\":{\"@type\":\"ImageObject\",\"inLanguage\":\"ca\",\"@id\":\"https:\\\/\\\/fasewind.com\\\/ca\\\/#\\\/schema\\\/logo\\\/image\\\/\",\"url\":\"https:\\\/\\\/fasewind.com\\\/wp-content\\\/uploads\\\/2018\\\/01\\\/lOGO-TRANSP-e1519055659488.png\",\"contentUrl\":\"https:\\\/\\\/fasewind.com\\\/wp-content\\\/uploads\\\/2018\\\/01\\\/lOGO-TRANSP-e1519055659488.png\",\"width\":150,\"height\":189,\"caption\":\"Fase Wind\"},\"image\":{\"@id\":\"https:\\\/\\\/fasewind.com\\\/ca\\\/#\\\/schema\\\/logo\\\/image\\\/\"},\"sameAs\":[\"https:\\\/\\\/www.facebook.com\\\/Fasewind\\\/\"]}]}<\/script>\n<!-- \/ Yoast SEO plugin. -->","yoast_head_json":{"title":"Excursions: Down the river amb Stand Up Paddle","description":"Descobreix les nostres excursions amb Padel Surf: Baixa pel riu fluvi\u00e0 fins al mar i descobreix els millors paratges del parc natural.","robots":{"index":"index","follow":"follow","max-snippet":"max-snippet:-1","max-image-preview":"max-image-preview:large","max-video-preview":"max-video-preview:-1"},"canonical":"https:\/\/fasewind.com\/ca\/excursions\/","og_locale":"ca_ES","og_type":"article","og_title":"Excursions: Down the river amb Stand Up Paddle","og_description":"Descobreix les nostres excursions amb Padel Surf: Baixa pel riu fluvi\u00e0 fins al mar i descobreix els millors paratges del parc natural.","og_url":"https:\/\/fasewind.com\/ca\/excursions\/","og_site_name":"Fase Wind","article_publisher":"https:\/\/www.facebook.com\/Fasewind\/","article_modified_time":"2023-05-22T11:03:22+00:00","og_image":[{"url":"https:\/\/fasewind.com\/wp-content\/uploads\/2019\/10\/P1260834.jpg","type":"","width":"","height":""}],"twitter_card":"summary_large_image","twitter_misc":{"Temps estimat de lectura":"2 minuts"},"schema":{"@context":"https:\/\/schema.org","@graph":[{"@type":"WebPage","@id":"https:\/\/fasewind.com\/ca\/excursions\/","url":"https:\/\/fasewind.com\/ca\/excursions\/","name":"Excursions: Down the river amb Stand Up Paddle","isPartOf":{"@id":"https:\/\/fasewind.com\/ca\/#website"},"primaryImageOfPage":{"@id":"https:\/\/fasewind.com\/ca\/excursions\/#primaryimage"},"image":{"@id":"https:\/\/fasewind.com\/ca\/excursions\/#primaryimage"},"thumbnailUrl":"https:\/\/fasewind.com\/wp-content\/uploads\/2019\/10\/P1260834.jpg","datePublished":"2018-03-24T16:52:17+00:00","dateModified":"2023-05-22T11:03:22+00:00","description":"Descobreix les nostres excursions amb Padel Surf: Baixa pel riu fluvi\u00e0 fins al mar i descobreix els millors paratges del parc natural.","breadcrumb":{"@id":"https:\/\/fasewind.com\/ca\/excursions\/#breadcrumb"},"inLanguage":"ca","potentialAction":[{"@type":"ReadAction","target":["https:\/\/fasewind.com\/ca\/excursions\/"]}]},{"@type":"ImageObject","inLanguage":"ca","@id":"https:\/\/fasewind.com\/ca\/excursions\/#primaryimage","url":"https:\/\/fasewind.com\/wp-content\/uploads\/2019\/10\/P1260834.jpg","contentUrl":"https:\/\/fasewind.com\/wp-content\/uploads\/2019\/10\/P1260834.jpg"},{"@type":"BreadcrumbList","@id":"https:\/\/fasewind.com\/ca\/excursions\/#breadcrumb","itemListElement":[{"@type":"ListItem","position":1,"name":"Home","item":"https:\/\/fasewind.com\/ca\/"},{"@type":"ListItem","position":2,"name":"EXCURSIONS"}]},{"@type":"WebSite","@id":"https:\/\/fasewind.com\/ca\/#website","url":"https:\/\/fasewind.com\/ca\/","name":"Fase Wind","description":"Fasewind - Windsurf Center Costa Brava","publisher":{"@id":"https:\/\/fasewind.com\/ca\/#organization"},"potentialAction":[{"@type":"SearchAction","target":{"@type":"EntryPoint","urlTemplate":"https:\/\/fasewind.com\/ca\/?s={search_term_string}"},"query-input":{"@type":"PropertyValueSpecification","valueRequired":true,"valueName":"search_term_string"}}],"inLanguage":"ca"},{"@type":"Organization","@id":"https:\/\/fasewind.com\/ca\/#organization","name":"Fase Wind","url":"https:\/\/fasewind.com\/ca\/","logo":{"@type":"ImageObject","inLanguage":"ca","@id":"https:\/\/fasewind.com\/ca\/#\/schema\/logo\/image\/","url":"https:\/\/fasewind.com\/wp-content\/uploads\/2018\/01\/lOGO-TRANSP-e1519055659488.png","contentUrl":"https:\/\/fasewind.com\/wp-content\/uploads\/2018\/01\/lOGO-TRANSP-e1519055659488.png","width":150,"height":189,"caption":"Fase Wind"},"image":{"@id":"https:\/\/fasewind.com\/ca\/#\/schema\/logo\/image\/"},"sameAs":["https:\/\/www.facebook.com\/Fasewind\/"]}]}},"jetpack_sharing_enabled":true,"_links":{"self":[{"href":"https:\/\/fasewind.com\/ca\/wp-json\/wp\/v2\/pages\/3122","targetHints":{"allow":["GET"]}}],"collection":[{"href":"https:\/\/fasewind.com\/ca\/wp-json\/wp\/v2\/pages"}],"about":[{"href":"https:\/\/fasewind.com\/ca\/wp-json\/wp\/v2\/types\/page"}],"author":[{"embeddable":true,"href":"https:\/\/fasewind.com\/ca\/wp-json\/wp\/v2\/users\/1"}],"replies":[{"embeddable":true,"href":"https:\/\/fasewind.com\/ca\/wp-json\/wp\/v2\/comments?post=3122"}],"version-history":[{"count":2,"href":"https:\/\/fasewind.com\/ca\/wp-json\/wp\/v2\/pages\/3122\/revisions"}],"predecessor-version":[{"id":6289,"href":"https:\/\/fasewind.com\/ca\/wp-json\/wp\/v2\/pages\/3122\/revisions\/6289"}],"wp:attachment":[{"href":"https:\/\/fasewind.com\/ca\/wp-json\/wp\/v2\/media?parent=3122"}],"curies":[{"name":"wp","href":"https:\/\/api.w.org\/{rel}","templated":true}]}}